{"id":93,"date":"2014-04-09T10:28:08","date_gmt":"2014-04-09T08:28:08","guid":{"rendered":"http:\/\/ekoauto.org\/intellogic\/?page_id=93"},"modified":"2020-03-10T14:20:35","modified_gmt":"2020-03-10T13:20:35","slug":"szczegolowe-akty-prawne","status":"publish","type":"page","link":"https:\/\/ekoauto.org\/?page_id=93","title":{"rendered":"Szczeg\u00f3\u0142owe akty prawne"},"content":{"rendered":"<p lang=\"pl-PL\" align=\"JUSTIFY\"><a href=\"http:\/\/isap.sejm.gov.pl\/DetailsServlet?id=WDU20102251471&amp;min=1\"><span style=\"color: #000000;\"><span style=\"font-family: Cambria, serif;\"><span style=\"font-size: medium;\">Rozporz\u0105dzenie Ministra \u015arodowiska z dnia 10 listopada 2010r. w sprawie rocznego sprawozdania o pojazdach wycofanych z eksploatacji<\/span><\/span><\/span><\/a><\/p>\n<p lang=\"pl-PL\" align=\"JUSTIFY\">\n<p lang=\"pl-PL\" align=\"JUSTIFY\"><a href=\"http:\/\/isap.sejm.gov.pl\/DetailsServlet?id=WDU20102021340\"><span style=\"color: #000000;\"><span style=\"font-family: Cambria, serif;\"><span style=\"font-size: medium;\">Rozporz\u0105dzenie Ministra \u015arodowiska z dnia 14 pa\u017adziernika 2010r. w sprawie obliczania poziom\u00f3w odzysku i recyklingu pojazd\u00f3w wycofanych z eksploatacji<\/span><\/span><\/span><\/a><\/p>\n<p lang=\"pl-PL\" align=\"JUSTIFY\">\n<p lang=\"pl-PL\" align=\"JUSTIFY\"><a href=\"http:\/\/isap.sejm.gov.pl\/DetailsServlet?id=WDU20101981319&amp;min=1\"><span style=\"color: #000000;\"><span style=\"font-family: Cambria, serif;\"><span style=\"font-size: medium;\">Rozporz\u0105dzenie Ministra \u015arodowiska z dnia 14 pa\u017adziernika 2010r. w sprawie pr\u00f3by strz\u0119pienia odpad\u00f3w z pojazd\u00f3w wycofanych z eksploatacji<\/span><\/span><\/span><\/a><\/p>\n<p lang=\"pl-PL\" align=\"JUSTIFY\">\n<p lang=\"pl-PL\" align=\"JUSTIFY\"><a href=\"http:\/\/isap.sejm.gov.pl\/DetailsServlet?id=WDU20052141807\"><span style=\"color: #000000;\"><span style=\"font-family: Cambria, serif;\"><span style=\"font-size: medium;\">Rozporz\u0105dzenie Ministra Gospodarki i Pracy z dnia 12 pa\u017adziernika 2005r. w sprawie minimalnych wymaga\u0144 dla strz\u0119piarek oraz metod rozdzia\u0142u odpad\u00f3w na frakcje materia\u0142owe<\/span><\/span><\/span><\/a><\/p>\n<p lang=\"pl-PL\" align=\"JUSTIFY\">\n<p lang=\"pl-PL\" align=\"JUSTIFY\"><a href=\"http:\/\/isap.sejm.gov.pl\/DetailsServlet?id=WDU20071280894\"><span style=\"color: #000000;\"><span style=\"font-family: Cambria, serif;\"><span style=\"font-size: medium;\">Rozporz\u0105dzenie Ministra Gospodarki z dnia 29 czerwca 2007r. zmieniaj\u0105ce rozporz\u0105dzenie w sprawie minimalnych wymaga\u0144 dla strz\u0119piarek oraz metod rozdzia\u0142u odpad\u00f3w na frakcje materia\u0142owe<\/span><\/span><\/span><\/a><\/p>\n<p lang=\"pl-PL\" align=\"JUSTIFY\">\n<p lang=\"pl-PL\" align=\"JUSTIFY\"><a href=\"http:\/\/isap.sejm.gov.pl\/DetailsServlet?id=WDU20100750476\"><span style=\"color: #000000;\"><span style=\"font-family: Cambria, serif;\"><span style=\"font-size: medium;\">Rozporz\u0105dzenie Ministra Infrastruktury z dnia 26 kwietnia 2010r. w sprawie sposobu uniewa\u017cniania dokument\u00f3w pojazd\u00f3w wycofanych z eksploatacji, wzor\u00f3w za\u015bwiadcze\u0144 wydawanych dla tych pojazd\u00f3w, sposobu przechowywania za\u015bwiadcze\u0144 oraz prowadzenia ich ewidencji<\/span><\/span><\/span><\/a><\/p>\n<p lang=\"pl-PL\" align=\"JUSTIFY\">\n<p lang=\"pl-PL\" align=\"JUSTIFY\"><a href=\"http:\/\/isap.sejm.gov.pl\/DetailsServlet?id=WDU20060580407\"><span style=\"color: #000000;\"><span style=\"font-family: Cambria, serif;\"><span style=\"font-size: medium;\">Rozporz\u0105dzenie Ministra Transportu i Budownictwa z dnia 24 marca 2006r. w sprawie listy istotnych element\u00f3w pojazdu kompletnego<\/span><\/span><\/span><\/a><\/p>\n<p lang=\"pl-PL\" align=\"JUSTIFY\">\n","protected":false},"excerpt":{"rendered":"<p>Rozporz\u0105dzenie Ministra \u015arodowiska z dnia 10 listopada 2010r. w sprawie rocznego sprawozdania o pojazdach wycofanych z eksploatacji Rozporz\u0105dzenie Ministra \u015arodowiska z dnia 14 pa\u017adziernika 2010r. w sprawie obliczania poziom\u00f3w odzysku i recyklingu pojazd\u00f3w wycofanych z eksploatacji Rozporz\u0105dzenie Ministra \u015arodowiska z dnia 14 pa\u017adziernika 2010r. w sprawie pr\u00f3by strz\u0119pienia odpad\u00f3w z pojazd\u00f3w wycofanych z eksploatacji Rozporz\u0105dzenie &#8230; <a title=\"Szczeg\u00f3\u0142owe akty prawne\" class=\"read-more\" href=\"https:\/\/ekoauto.org\/?page_id=93\" aria-label=\"Read more about Szczeg\u00f3\u0142owe akty prawne\">Dowiedz si\u0119 wi\u0119cej<\/a><\/p>\n","protected":false},"author":1,"featured_media":0,"parent":0,"menu_order":0,"comment_status":"closed","ping_status":"open","template":"","meta":{"_monsterinsights_skip_tracking":false,"_monsterinsights_sitenote_active":false,"_monsterinsights_sitenote_note":"","_monsterinsights_sitenote_category":0,"footnotes":""},"class_list":["post-93","page","type-page","status-publish"],"_links":{"self":[{"href":"https:\/\/ekoauto.org\/index.php?rest_route=\/wp\/v2\/pages\/93","targetHints":{"allow":["GET"]}}],"collection":[{"href":"https:\/\/ekoauto.org\/index.php?rest_route=\/wp\/v2\/pages"}],"about":[{"href":"https:\/\/ekoauto.org\/index.php?rest_route=\/wp\/v2\/types\/page"}],"author":[{"embeddable":true,"href":"https:\/\/ekoauto.org\/index.php?rest_route=\/wp\/v2\/users\/1"}],"replies":[{"embeddable":true,"href":"https:\/\/ekoauto.org\/index.php?rest_route=%2Fwp%2Fv2%2Fcomments&post=93"}],"version-history":[{"count":5,"href":"https:\/\/ekoauto.org\/index.php?rest_route=\/wp\/v2\/pages\/93\/revisions"}],"predecessor-version":[{"id":3571,"href":"https:\/\/ekoauto.org\/index.php?rest_route=\/wp\/v2\/pages\/93\/revisions\/3571"}],"wp:attachment":[{"href":"https:\/\/ekoauto.org\/index.php?rest_route=%2Fwp%2Fv2%2Fmedia&parent=93"}],"curies":[{"name":"wp","href":"https:\/\/api.w.org\/{rel}","templated":true}]}}