{"id":26,"date":"2014-03-25T10:25:27","date_gmt":"2014-03-25T09:25:27","guid":{"rendered":"http:\/\/ekoauto.org\/intellogic\/?page_id=26"},"modified":"2026-02-06T13:24:13","modified_gmt":"2026-02-06T12:24:13","slug":"kontakt","status":"publish","type":"page","link":"https:\/\/ekoauto.org\/?page_id=26","title":{"rendered":"Kontakt"},"content":{"rendered":"<p align=\"CENTER\"><span style=\"font-family: Cambria, serif;\"><span style=\"font-size: medium;\">Adres Stowarzyszenia:<\/span><\/span><\/p>\n<p align=\"CENTER\"><span style=\"font-family: Cambria, serif;\"><span style=\"font-size: medium;\">Polskie Stowarzyszenie Stacji Demonta\u017cu Pojazd\u00f3w EKO-AUTO<\/span><\/span><\/p>\n<p align=\"CENTER\"><span style=\"font-family: Cambria, serif;\"><span style=\"font-size: medium;\">ul. B\u00f3\u017cnicza 15 lok. 6<br \/>\n<\/span><\/span><\/p>\n<p align=\"CENTER\"><span style=\"font-family: Cambria, serif;\"><span style=\"font-size: medium;\">61-751 Pozna\u0144<\/span><\/span><\/p>\n<p align=\"CENTER\"><span style=\"font-size: medium;\"><strong><span style=\"font-family: Cambria, serif;\">tel. kom. +48\u00a0533\u00a0666 815<\/span><\/strong><\/span><\/p>\n<p align=\"CENTER\"><span style=\"font-family: Cambria, serif;\"><span style=\"font-size: medium;\">e-mail: <\/span><\/span><span style=\"color: #0000ff;\"><span style=\"text-decoration: underline;\"><span style=\"font-family: Cambria, serif;\"><span style=\"font-size: medium;\"><a href=\"mailto:biuro@ekoauto.org\" target=\"_top\" rel=\"noopener noreferrer\">biuro@ekoauto.org<\/a><\/span><\/span><\/span><\/span><\/p>\n<p><img fetchpriority=\"high\" decoding=\"async\" class=\"aligncenter size-full wp-image-4112\" src=\"http:\/\/ekoauto.org\/wp-content\/uploads\/2023\/08\/logo-pelne.jpg\" alt=\"\" width=\"585\" height=\"132\" srcset=\"https:\/\/ekoauto.org\/wp-content\/uploads\/2023\/08\/logo-pelne.jpg 585w, https:\/\/ekoauto.org\/wp-content\/uploads\/2023\/08\/logo-pelne-300x68.jpg 300w\" sizes=\"(max-width: 585px) 100vw, 585px\" \/><\/p>\n<p align=\"JUSTIFY\"><span style=\"font-family: Cambria, serif;\"><span style=\"font-size: medium;\"><b>ZAPRASZAMY, ZOSTA\u0143 CZ\u0141ONKIEM EKO-AUTO! <\/b><\/span><\/span><\/p>\n<p align=\"JUSTIFY\"><span style=\"font-family: Cambria, serif;\"><span style=\"font-size: medium;\"><a href=\"http:\/\/ekoauto.org\/wp-content\/uploads\/2018\/08\/deklaracja-czlonkowska-stowarzyszenie-eko-auto.pdf\">Deklaracj\u0119 cz\u0142onkowsk\u0105<\/a> Stowarzyszenia prosimy wype\u0142ni\u0107, wydrukowa\u0107 i odes\u0142a\u0107 do nas drog\u0105 mailow\u0105 lub tradycyjn\u0105 poczt\u0105.<\/span><\/span><\/p>\n","protected":false},"excerpt":{"rendered":"<p>Adres Stowarzyszenia: Polskie Stowarzyszenie Stacji Demonta\u017cu Pojazd\u00f3w EKO-AUTO ul. B\u00f3\u017cnicza 15 lok. 6 61-751 Pozna\u0144 tel. kom. +48\u00a0533\u00a0666 815 e-mail: biuro@ekoauto.org ZAPRASZAMY, ZOSTA\u0143 CZ\u0141ONKIEM EKO-AUTO! Deklaracj\u0119 cz\u0142onkowsk\u0105 Stowarzyszenia prosimy wype\u0142ni\u0107, wydrukowa\u0107 i odes\u0142a\u0107 do nas drog\u0105 mailow\u0105 lub tradycyjn\u0105 poczt\u0105.<\/p>\n","protected":false},"author":1,"featured_media":0,"parent":0,"menu_order":0,"comment_status":"closed","ping_status":"closed","template":"","meta":{"_monsterinsights_skip_tracking":false,"_monsterinsights_sitenote_active":false,"_monsterinsights_sitenote_note":"","_monsterinsights_sitenote_category":0,"footnotes":""},"class_list":["post-26","page","type-page","status-publish"],"_links":{"self":[{"href":"https:\/\/ekoauto.org\/index.php?rest_route=\/wp\/v2\/pages\/26","targetHints":{"allow":["GET"]}}],"collection":[{"href":"https:\/\/ekoauto.org\/index.php?rest_route=\/wp\/v2\/pages"}],"about":[{"href":"https:\/\/ekoauto.org\/index.php?rest_route=\/wp\/v2\/types\/page"}],"author":[{"embeddable":true,"href":"https:\/\/ekoauto.org\/index.php?rest_route=\/wp\/v2\/users\/1"}],"replies":[{"embeddable":true,"href":"https:\/\/ekoauto.org\/index.php?rest_route=%2Fwp%2Fv2%2Fcomments&post=26"}],"version-history":[{"count":12,"href":"https:\/\/ekoauto.org\/index.php?rest_route=\/wp\/v2\/pages\/26\/revisions"}],"predecessor-version":[{"id":4115,"href":"https:\/\/ekoauto.org\/index.php?rest_route=\/wp\/v2\/pages\/26\/revisions\/4115"}],"wp:attachment":[{"href":"https:\/\/ekoauto.org\/index.php?rest_route=%2Fwp%2Fv2%2Fmedia&parent=26"}],"curies":[{"name":"wp","href":"https:\/\/api.w.org\/{rel}","templated":true}]}}