{"id":139,"date":"2014-04-16T16:27:23","date_gmt":"2014-04-16T14:27:23","guid":{"rendered":"http:\/\/ekoauto.org\/intellogic\/?page_id=139"},"modified":"2020-03-10T14:18:16","modified_gmt":"2020-03-10T13:18:16","slug":"1-do-edycji","status":"publish","type":"page","link":"https:\/\/ekoauto.org\/?page_id=139","title":{"rendered":"Jak otworzy\u0107 SDP?"},"content":{"rendered":"<p><strong><span class=\"h3_powieksz\">Podstawowe informacje dla przedsi\u0119biorc\u00f3w prowadz\u0105cych stacje demonta\u017cu pojazd\u00f3w<\/span><\/strong><\/p>\n<div id=\"myart\">\n<p>Zgodnie z przepisami ustawy z dnia 20 stycznia 2005 r. o recyklingu pojazd\u00f3w wycofanych z eksploatacji (tekst jednolity: Dz. U. z 2016 r., poz. 803 ze zm.) <strong>demonta\u017c pojazd\u00f3w wycofanych z eksploatacji<\/strong> mo\u017ce by\u0107 <strong>przeprowadzony wy\u0142\u0105cznie w stacjach demonta\u017cu<\/strong>.<\/p>\n<p><strong>Minimalne wymagania<\/strong> dla stacji demonta\u017cu oraz sposobu demonta\u017cu pojazd\u00f3w okre\u015bla <a href=\"http:\/\/prawo.sejm.gov.pl\/isap.nsf\/DocDetails.xsp?id=WDU20051431206\">rozporz\u0105dzenie Ministra Gospodarki i Pracy z dnia 28 lipca 2005 r. w sprawie minimalnych wymaga\u0144 dla stacji demonta\u017cu oraz sposobu demonta\u017cu pojazd\u00f3w wycofanych z eksploatacji<\/a> (Dz. U. z 2005 r. Nr 143, poz. 1206 ze zm.), natomiast minimalne wymagania dla strz\u0119piarek oraz metod rozdzia\u0142u odpad\u00f3w okre\u015bla <a href=\"http:\/\/prawo.sejm.gov.pl\/isap.nsf\/DocDetails.xsp?id=WDU20052141807\">rozporz\u0105dzenie Ministra Gospodarki i Pracy z dnia 12 pa\u017adziernika 2005 r. w sprawie minimalnych wymaga\u0144 dla strz\u0119piarek oraz metod rozdzia\u0142u odpad\u00f3w na frakcje materia\u0142owe<\/a> (Dz. U. z 2005 r. Nr 214, poz. 1807 ze zm.).<\/p>\n<p>W zwi\u0105zku z faktem, i\u017c na terenie stacji demonta\u017cu nast\u0119puje wst\u0119pne przetwarzanie odpadu w postaci zu\u017cytego pojazdu, kt\u00f3rego efektem jest wytwarzanie nowych rodzaj\u00f3w odpad\u00f3w <strong>wymagana jest decyzja z zakresu gospodarki odpadami<\/strong> \u2013 pozwolenie na wytwarzanie odpad\u00f3w wraz z elementami zezwolenia na prowadzenie dzia\u0142alno\u015bci w zakresie przetwarzania odpad\u00f3w. Organem w\u0142a\u015bciwym do wydania pozwolenia wymaganego w zwi\u0105zku z prowadzeniem stacji demonta\u017cu pojazd\u00f3w jest <strong>marsza\u0142ek wojew\u00f3dztwa<\/strong>.<\/p>\n<p>Pozwolenie na wytwarzanie odpad\u00f3w mo\u017ce by\u0107 wydane po uzyskaniu wymaganego pozwolenia na u\u017cytkowanie obiektu budowlanego w rozumieniu prawa budowlanego, z wy\u0142\u0105czeniem nowo zbudowanych lub zmodernizowanych obiekt\u00f3w budowlanych, zespo\u0142\u00f3w obiekt\u00f3w lub instalacji, kt\u00f3re nie mog\u0105 by\u0107 oddane do u\u017cytkowania je\u015bli nie spe\u0142niaj\u0105 wymaga\u0144 ochrony \u015brodowiska, o kt\u00f3rych mowa w art. 76 ust. 2 ustawy z dnia 27 kwietnia 2001 r. \u2013 Prawo ochrony \u015brodowiska (tekst jednolity: Dz. U. z 2017 r., poz. 519 ze zm.) oraz po sprawdzeniu przez wojew\u00f3dzkiego inspektora ochrony \u015brodowiska funkcjonowania instalacji i urz\u0105dze\u0144 s\u0142u\u017c\u0105cych do demonta\u017cu pojazd\u00f3w wycofanych z eksploatacji.<br \/>\nNadto, stosownie do art. 41a ust. 1 ustawy z dnia 14 grudnia 2012 r. o odpadach (tekst jednolity: Dz. U. z 2016 r. poz. 1987 ze zm.), <strong>wojew\u00f3dzki inspektor ochrony \u015brodowiska przeprowadza<\/strong>, z udzia\u0142em przedstawiciela marsza\u0142ka wojew\u00f3dztwa, <strong>kontrol\u0119 instalacji, obiektu budowlanego lub jego cz\u0119\u015bci<\/strong>, w kt\u00f3rych ma by\u0107 prowadzone przetwarzanie odpad\u00f3w, w zakresie spe\u0142nienia wymaga\u0144 okre\u015blonych w przepisach ochrony \u015brodowiska.<\/p>\n<p>W zakresie gospodarki odpadami, stosownie do art. 184 ustawy z dnia 27 kwietnia 2001 r. \u2013 Prawo ochrony \u015brodowiska <strong>wniosek o wydanie pozwolenia na wytwarzanie odpad\u00f3w, powinien zawiera\u0107<\/strong>:<\/p>\n<ol>\n<li>oznaczenie prowadz\u0105cego instalacj\u0119, jego adres zamieszkania lub siedziby;<\/li>\n<li>oznaczenie g\u0142\u00f3wnego prowadz\u0105cego instalacj\u0119 lub okre\u015blenie zakresu odpowiedzialno\u015bci poszczeg\u00f3lnych prowadz\u0105cych oznaczone cz\u0119\u015bci instalacji za eksploatacj\u0119 instalacji zgodnie z przepisami ochrony \u015brodowiska, w przypadku wniosku sk\u0142adanego przez kilku prowadz\u0105cych oznaczone cz\u0119\u015bci instalacji;<\/li>\n<li>adres zak\u0142adu, na kt\u00f3rego terenie prowadzona jest eksploatacja instalacji;<\/li>\n<li>informacj\u0119 o tytule prawnym do instalacji;<\/li>\n<li>informacj\u0119 o rodzaju instalacji, stosowanych urz\u0105dzeniach i technologiach oraz charakterystyk\u0119 techniczn\u0105 \u017ar\u00f3de\u0142 powstawania i miejsc emisji;<\/li>\n<li>ocen\u0119 stanu technicznego instalacji;<\/li>\n<li>informacj\u0119 o rodzaju prowadzonej dzia\u0142alno\u015bci;<\/li>\n<li>opis zak\u0142adanych wariant\u00f3w funkcjonowania instalacji;<\/li>\n<li>blokowy (og\u00f3lny) schemat technologiczny wraz z bilansem masowym i rodzajami wykorzystywanych materia\u0142\u00f3w, surowc\u00f3w i paliw, istotnych z punktu widzenia wymaga\u0144 ochrony \u015brodowiska;<\/li>\n<li>informacj\u0119 o energii wykorzystywanej lub wytwarzanej przez instalacj\u0119;<\/li>\n<li>wielko\u015b\u0107 i \u017ar\u00f3d\u0142a powstawania albo miejsca emisji \u2013 aktualnych i proponowanych \u2013 w trakcie normalnej eksploatacji instalacji oraz w warunkach odbiegaj\u0105cych od normalnych, w szczeg\u00f3lno\u015bci takich jak rozruch i wy\u0142\u0105czenia;<\/li>\n<li>proponowane procedury monitorowania proces\u00f3w technologicznych istotnych z punktu widzenia wymaga\u0144 ochrony \u015brodowiska, w szczeg\u00f3lno\u015bci pomiaru lub ewidencji wielko\u015bci emisji;<\/li>\n<li>deklarowany termin i spos\u00f3b zako\u0144czenia eksploatacji instalacji lub jej oznaczonej cz\u0119\u015bci, niestwarzaj\u0105cy zagro\u017cenia dla \u015brodowiska, je\u017celi zako\u0144czenie eksploatacji jest przewidywane w okresie, na kt\u00f3ry ma by\u0107 wydane pozwolenie;<\/li>\n<li>deklarowany \u0142\u0105czny czas dalszej eksploatacji instalacji, je\u017celi ma ona wp\u0142yw na okre\u015blenie wymaga\u0144 ochrony \u015brodowiska, oraz deklarowany spos\u00f3b dokumentowania czasu tej eksploatacji;<\/li>\n<li>deklarowany termin oddania instalacji do eksploatacji, w przypadku wniosku podmiotu podejmuj\u0105cego realizacj\u0119 nowej instalacji;<\/li>\n<li>czas, na jaki ma by\u0107 wydane pozwolenie;<\/li>\n<li>numer identyfikacji podatkowej (NIP) oraz numer REGON posiadacza odpad\u00f3w, o ile zosta\u0142 nadany;<\/li>\n<li>wyszczeg\u00f3lnienie rodzaj\u00f3w odpad\u00f3w przewidzianych do wytwarzania, z uwzgl\u0119dnieniem ich podstawowego sk\u0142adu chemicznego i w\u0142a\u015bciwo\u015bci;<\/li>\n<li>okre\u015blenie ilo\u015bci odpad\u00f3w poszczeg\u00f3lnych rodzaj\u00f3w przewidzianych do wytwarzania w ci\u0105gu roku;<\/li>\n<li>wskazanie sposob\u00f3w zapobiegania powstawaniu odpad\u00f3w lub ograniczania ilo\u015bci odpad\u00f3w i ich negatywnego oddzia\u0142ywania na \u015brodowisko;<\/li>\n<li>opis dalszego sposobu gospodarowania odpadami, z uwzgl\u0119dnieniem zbierania, transportu, odzysku i unieszkodliwiania odpad\u00f3w;<\/li>\n<li>wskazanie miejsca i sposobu oraz rodzaj\u00f3w magazynowanych odpad\u00f3w.<\/li>\n<\/ol>\n<p>Je\u017celi wniosek dotyczy<strong> instalacji nowo uruchamianych lub w spos\u00f3b istotny zmienionych<\/strong>, zgodnie z art 143 ustawy Prawo ochrony \u015brodowiska, powinien on zwiera\u0107 informacje o spe\u0142nianiu wymog\u00f3w w stosunku do stosownych technologii, w szczeg\u00f3lno\u015bci:<\/p>\n<ol>\n<li>stosowanie substancji o ma\u0142ym potencjale zagro\u017ce\u0144;<\/li>\n<li>efektywne wytwarzanie oraz wykorzystanie energii;<\/li>\n<li>zapewnienie racjonalnego zu\u017cycia wody i innych surowc\u00f3w oraz materia\u0142\u00f3w i paliw;<\/li>\n<li>stosowanie technologii bezodpadowych i ma\u0142oodpadowych oraz mo\u017cliwo\u015b\u0107 odzysku powstaj\u0105cych odpad\u00f3w;<\/li>\n<li>rodzaj, zasi\u0119g oraz wielko\u015b\u0107 emisji;<\/li>\n<li>wykorzystywanie por\u00f3wnywalnych proces\u00f3w i metod, kt\u00f3re zosta\u0142y skutecznie zastosowane w skali przemys\u0142owej;<\/li>\n<li>post\u0119p naukowo-techniczny.<\/li>\n<\/ol>\n<p>Wytwarzane odpady w stacji demonta\u017cu pojazd\u00f3w powstaj\u0105 w zwi\u0105zku z procesem przetwarzania odpad\u00f3w w postaci \u2013 zu\u017cytych pojazd\u00f3w przyj\u0119tych do stacji, st\u0105d wniosek powinien zawiera\u0107 informacje, zgodnie z art. 42 ust. 2 ustawy z dnia 14 grudnia 2012 r. o odpadach \u2013 w zakresie zezwolenia na prowadzenie dzia\u0142alno\u015bci w zakresie przetwarzania odpad\u00f3w:<\/p>\n<ol>\n<li>numer identyfikacji podatkowej (NIP) oraz numer REGON posiadacza odpad\u00f3w, o ile zosta\u0142 nadany;<\/li>\n<li>wyszczeg\u00f3lnienie rodzaj\u00f3w odpad\u00f3w przewidzianych do przetwarzania;<\/li>\n<li>okre\u015blenie masy odpad\u00f3w poszczeg\u00f3lnych rodzaj\u00f3w poddawanych przetwarzaniu i powstaj\u0105cych w wyniku przetwarzania w okresie roku;<\/li>\n<li>oznaczenie miejsca przetwarzania odpad\u00f3w;<\/li>\n<li>wskazanie miejsca i sposobu magazynowania oraz rodzaju magazynowanych odpad\u00f3w;<\/li>\n<li>szczeg\u00f3\u0142owy opis stosowanej metody lub metod przetwarzania odpad\u00f3w, w tym wskazanie procesu przetwarzania zgodnie z za\u0142\u0105cznikami nr 1 i 2 do ustawy, oraz opis procesu technologicznego z podaniem rocznej mocy przerobowej instalacji lub urz\u0105dzenia, a w uzasadnionych przypadkach \u2013 tak\u017ce godzinowej mocy przerobowej;<\/li>\n<li>przedstawienie mo\u017cliwo\u015bci technicznych i organizacyjnych pozwalaj\u0105cych nale\u017cycie wykonywa\u0107 dzia\u0142alno\u015b\u0107 w zakresie przetwarzania odpad\u00f3w, ze szczeg\u00f3lnym uwzgl\u0119dnieniem kwalifikacji zawodowych lub przeszkolenia pracownik\u00f3w oraz liczby i jako\u015bci posiadanych instalacji i urz\u0105dze\u0144 odpowiadaj\u0105cych wymaganiom ochrony \u015brodowiska;<\/li>\n<li>oznaczenie przewidywanego okresu wykonywania dzia\u0142alno\u015bci w zakresie przetwarzania odpad\u00f3w;<\/li>\n<li>opis czynno\u015bci podejmowanych w ramach monitorowania i kontroli dzia\u0142alno\u015bci obj\u0119tej zezwoleniem;<\/li>\n<li>opis czynno\u015bci, kt\u00f3re zostan\u0105 podj\u0119te w przypadku zako\u0144czenia dzia\u0142alno\u015bci obj\u0119tej zezwoleniem i zwi\u0105zanej z tym ochrony terenu, na kt\u00f3rym dzia\u0142alno\u015b\u0107 ta by\u0142a prowadzona.<\/li>\n<li>Informacje wymagane na podstawie odr\u0119bnych przepis\u00f3w.<\/li>\n<\/ol>\n<p><strong>Do wniosku o wydanie stosownego pozwolenia nale\u017cy do\u0142\u0105czy\u0107:<\/strong><\/p>\n<ol>\n<li>dokument potwierdzaj\u0105cy, \u017ce wnioskodawca jest uprawniony do wyst\u0119powania w obrocie prawnym, je\u017celi prowadz\u0105cy instalacj\u0119 nie jest osob\u0105 fizyczn\u0105;<\/li>\n<li>streszczenie wniosku w j\u0119zyku niespecjalistycznym;<\/li>\n<li>potwierdzenie wniesienia nale\u017cnej op\u0142aty skarbowej za wydanie pozwolenia.<\/li>\n<\/ol>\n<\/div>\n<p><span style=\"color: #000000;\"><strong>&nbsp;<\/strong><\/span><\/p>\n","protected":false},"excerpt":{"rendered":"<p>Podstawowe informacje dla przedsi\u0119biorc\u00f3w prowadz\u0105cych stacje demonta\u017cu pojazd\u00f3w Zgodnie z przepisami ustawy z dnia 20 stycznia 2005 r. o recyklingu pojazd\u00f3w wycofanych z eksploatacji (tekst jednolity: Dz. U. z 2016 r., poz. 803 ze zm.) demonta\u017c pojazd\u00f3w wycofanych z eksploatacji mo\u017ce by\u0107 przeprowadzony wy\u0142\u0105cznie w stacjach demonta\u017cu. Minimalne wymagania dla stacji demonta\u017cu oraz sposobu demonta\u017cu &#8230; <a title=\"Jak otworzy\u0107 SDP?\" class=\"read-more\" href=\"https:\/\/ekoauto.org\/?page_id=139\" aria-label=\"Read more about Jak otworzy\u0107 SDP?\">Dowiedz si\u0119 wi\u0119cej<\/a><\/p>\n","protected":false},"author":1,"featured_media":0,"parent":0,"menu_order":0,"comment_status":"closed","ping_status":"open","template":"","meta":{"_monsterinsights_skip_tracking":false,"_monsterinsights_sitenote_active":false,"_monsterinsights_sitenote_note":"","_monsterinsights_sitenote_category":0,"footnotes":""},"class_list":["post-139","page","type-page","status-publish"],"_links":{"self":[{"href":"https:\/\/ekoauto.org\/index.php?rest_route=\/wp\/v2\/pages\/139","targetHints":{"allow":["GET"]}}],"collection":[{"href":"https:\/\/ekoauto.org\/index.php?rest_route=\/wp\/v2\/pages"}],"about":[{"href":"https:\/\/ekoauto.org\/index.php?rest_route=\/wp\/v2\/types\/page"}],"author":[{"embeddable":true,"href":"https:\/\/ekoauto.org\/index.php?rest_route=\/wp\/v2\/users\/1"}],"replies":[{"embeddable":true,"href":"https:\/\/ekoauto.org\/index.php?rest_route=%2Fwp%2Fv2%2Fcomments&post=139"}],"version-history":[{"count":10,"href":"https:\/\/ekoauto.org\/index.php?rest_route=\/wp\/v2\/pages\/139\/revisions"}],"predecessor-version":[{"id":3560,"href":"https:\/\/ekoauto.org\/index.php?rest_route=\/wp\/v2\/pages\/139\/revisions\/3560"}],"wp:attachment":[{"href":"https:\/\/ekoauto.org\/index.php?rest_route=%2Fwp%2Fv2%2Fmedia&parent=139"}],"curies":[{"name":"wp","href":"https:\/\/api.w.org\/{rel}","templated":true}]}}