{"id":91,"date":"2014-04-09T10:26:22","date_gmt":"2014-04-09T08:26:22","guid":{"rendered":"http:\/\/ekoauto.org\/intellogic\/?page_id=91"},"modified":"2020-03-10T14:20:17","modified_gmt":"2020-03-10T13:20:17","slug":"podstawowe-akty-prawne","status":"publish","type":"page","link":"http:\/\/ekoauto.org\/?page_id=91","title":{"rendered":"Podstawowe akty prawne"},"content":{"rendered":"<p lang=\"pl-PL\" align=\"JUSTIFY\"><a href=\"http:\/\/eur-lex.europa.eu\/LexUriServ\/LexUriServ.do?uri=CELEX:32000L0053:PL:HTML\"><span style=\"color: #000000;\"><span style=\"font-family: Cambria, serif;\"><span style=\"font-size: medium;\">Dyrektywa Parlamentu Europejskiego i Rady 2000\/53\/WE z dnia 18 wrze\u015bnia 2000r. w sprawie pojazd\u00f3w wycofanych z eksploatacji. <\/span><\/span><\/span><\/a><\/p>\n<p lang=\"pl-PL\" align=\"JUSTIFY\"><a href=\"http:\/\/isap.sejm.gov.pl\/DetailsServlet?id=WDU20050250202\"><span style=\"color: #000000;\"><span style=\"font-family: Cambria, serif;\"><span style=\"font-size: medium;\">Ustawa z dnia 20 stycznia 2005r. o recyklingu pojazd\u00f3w wycofanych z eksploatacji<\/span><\/span><\/span><\/a><\/p>\n<p lang=\"pl-PL\" align=\"JUSTIFY\"><a href=\"http:\/\/isap.sejm.gov.pl\/DetailsServlet?id=WDU20071761236\"><span style=\"color: #000000;\"><span style=\"font-family: Cambria, serif;\"><span style=\"font-size: medium;\">Ustawa z dnia 29 czerwca 2007r. o zmianie ustawy o recyklingu pojazd\u00f3w wycofanych z eksploatacji<\/span><\/span><\/span><\/a><\/p>\n<p lang=\"pl-PL\" align=\"JUSTIFY\"><a href=\"http:\/\/isap.sejm.gov.pl\/DetailsServlet?id=WDU20130000021\"><span style=\"color: #000000;\"><span style=\"font-family: Cambria, serif;\"><span style=\"font-size: medium;\">Ustawa z dnia 14 grudnia 2012r. o odpadach<\/span><\/span><\/span><\/a><\/p>\n<p lang=\"pl-PL\" align=\"JUSTIFY\"><a href=\"http:\/\/isap.sejm.gov.pl\/DetailsServlet?id=WDU20051431206\"><span style=\"color: #000000;\"><span style=\"font-family: Cambria, serif;\"><span style=\"font-size: medium;\">Rozporz\u0105dzenie Ministra Gospodarki i Pracy z dnia 28 lipca 2005r. w sprawie minimalnych wymaga\u0144 dla stacji demonta\u017cu oraz sposobu demonta\u017cu pojazd\u00f3w wycofanych z eksploatacji<\/span><\/span><\/span><\/a><\/p>\n<p lang=\"pl-PL\" align=\"JUSTIFY\"><a href=\"http:\/\/isap.sejm.gov.pl\/DetailsServlet?id=WDU20071280892\"><span style=\"color: #000000;\"><span style=\"font-family: Cambria, serif;\"><span style=\"font-size: medium;\">Rozporz\u0105dzenie Ministra Gospodarki z dnia 29 czerwca 2007r. zmieniaj\u0105ce rozporz\u0105dzenie w sprawie minimalnych wymaga\u0144 dla stacji demonta\u017cu oraz sposobu demonta\u017cu pojazd\u00f3w wycofanych z eksploatacji<\/span><\/span><\/span><\/a><\/p>\n<p lang=\"pl-PL\" align=\"JUSTIFY\"><a href=\"http:\/\/isap.sejm.gov.pl\/DetailsServlet?id=WDU20101981317\"><span style=\"color: #000000;\"><span style=\"font-family: Cambria, serif;\"><span style=\"font-size: medium;\">Rozporz\u0105dzenie Ministra Gospodarki z dnia 29 wrze\u015bnia 2010r. zmieniaj\u0105ce rozporz\u0105dzenie w sprawie minimalnych wymaga\u0144 dla stacji demonta\u017cu oraz sposobu demonta\u017cu pojazd\u00f3w wycofanych z eksploatacji<\/span><\/span><\/span><\/a><\/p>\n<p lang=\"pl-PL\" align=\"JUSTIFY\"><a href=\"http:\/\/isap.sejm.gov.pl\/DetailsServlet?id=WDU20052141806\"><span style=\"color: #000000;\"><span style=\"font-family: Cambria, serif;\"><span style=\"font-size: medium;\">Rozporz\u0105dzenie Ministra Gospodarki i Pracy z dnia 12 pa\u017adziernika 2005r. w sprawie wymaga\u0144 dla punkt\u00f3w zbierania pojazd\u00f3w wycofanych z eksploatacji<\/span><\/span><\/span><\/a><\/p>\n<p lang=\"pl-PL\" align=\"JUSTIFY\"><a href=\"http:\/\/isap.sejm.gov.pl\/DetailsServlet?id=WDU20071280893\"><span style=\"color: #000000;\"><span style=\"font-family: Cambria, serif;\"><span style=\"font-size: medium;\">Rozporz\u0105dzenie Ministra Gospodarki z dnia 29 czerwca 2007r. zmieniaj\u0105ce rozporz\u0105dzenie w sprawie wymaga\u0144 dla punkt\u00f3w zbierania pojazd\u00f3w wycofanych z eksploatacji<\/span><\/span><\/span><\/a><\/p>\n","protected":false},"excerpt":{"rendered":"<p>Dyrektywa Parlamentu Europejskiego i Rady 2000\/53\/WE z dnia 18 wrze\u015bnia 2000r. w sprawie pojazd\u00f3w wycofanych z eksploatacji. Ustawa z dnia 20 stycznia 2005r. o recyklingu pojazd\u00f3w wycofanych z eksploatacji Ustawa z dnia 29 czerwca 2007r. o zmianie ustawy o recyklingu pojazd\u00f3w wycofanych z eksploatacji Ustawa z dnia 14 grudnia 2012r. o odpadach Rozporz\u0105dzenie Ministra Gospodarki &#8230; <a title=\"Podstawowe akty prawne\" class=\"read-more\" href=\"http:\/\/ekoauto.org\/?page_id=91\" aria-label=\"Read more about Podstawowe akty prawne\">Dowiedz si\u0119 wi\u0119cej<\/a><\/p>\n","protected":false},"author":1,"featured_media":0,"parent":0,"menu_order":0,"comment_status":"closed","ping_status":"open","template":"","meta":{"_monsterinsights_skip_tracking":false,"_monsterinsights_sitenote_active":false,"_monsterinsights_sitenote_note":"","_monsterinsights_sitenote_category":0,"footnotes":""},"class_list":["post-91","page","type-page","status-publish"],"_links":{"self":[{"href":"http:\/\/ekoauto.org\/index.php?rest_route=\/wp\/v2\/pages\/91","targetHints":{"allow":["GET"]}}],"collection":[{"href":"http:\/\/ekoauto.org\/index.php?rest_route=\/wp\/v2\/pages"}],"about":[{"href":"http:\/\/ekoauto.org\/index.php?rest_route=\/wp\/v2\/types\/page"}],"author":[{"embeddable":true,"href":"http:\/\/ekoauto.org\/index.php?rest_route=\/wp\/v2\/users\/1"}],"replies":[{"embeddable":true,"href":"http:\/\/ekoauto.org\/index.php?rest_route=%2Fwp%2Fv2%2Fcomments&post=91"}],"version-history":[{"count":4,"href":"http:\/\/ekoauto.org\/index.php?rest_route=\/wp\/v2\/pages\/91\/revisions"}],"predecessor-version":[{"id":309,"href":"http:\/\/ekoauto.org\/index.php?rest_route=\/wp\/v2\/pages\/91\/revisions\/309"}],"wp:attachment":[{"href":"http:\/\/ekoauto.org\/index.php?rest_route=%2Fwp%2Fv2%2Fmedia&parent=91"}],"curies":[{"name":"wp","href":"https:\/\/api.w.org\/{rel}","templated":true}]}}