{"id":84,"date":"2014-04-09T10:23:04","date_gmt":"2014-04-09T08:23:04","guid":{"rendered":"http:\/\/ekoauto.org\/intellogic\/?page_id=84"},"modified":"2020-03-10T14:17:09","modified_gmt":"2020-03-10T13:17:09","slug":"o-stowarzyszeniu","status":"publish","type":"page","link":"http:\/\/ekoauto.org\/?page_id=84","title":{"rendered":"O Stowarzyszeniu"},"content":{"rendered":"<p>Stowarzyszenie powsta\u0142o w celu promowania idei recyklingu pojazd\u00f3w wycofanych z eksploatacji. Dzia\u0142a na poziomie krajowym, broni\u0105c interes\u00f3w Stacji Demonta\u017cu podczas spotka\u0144 z przedstawicielami w\u0142adzy pa\u0144stwowej (Ministerstwo \u015arodowiska, Sejm, Senat) oraz na poziomie lokalnym \u2013 np. poprzez interwencje w wydzia\u0142ach komunikacji oraz urz\u0119dach marsza\u0142kowskich. Reprezentuj\u0105c Stacje Demonta\u017cu uzyskujemy informacje o oficjalnej wyk\u0142adni przepis\u00f3w.<\/p>\n<p><img fetchpriority=\"high\" decoding=\"async\" class=\"wp-image-2629 aligncenter\" src=\"http:\/\/ekoauto.org\/wp-content\/uploads\/2014\/04\/plakat.jpeg\" alt=\"\" width=\"361\" height=\"417\" srcset=\"http:\/\/ekoauto.org\/wp-content\/uploads\/2014\/04\/plakat.jpeg 794w, http:\/\/ekoauto.org\/wp-content\/uploads\/2014\/04\/plakat-260x300.jpeg 260w, http:\/\/ekoauto.org\/wp-content\/uploads\/2014\/04\/plakat-768x887.jpeg 768w, http:\/\/ekoauto.org\/wp-content\/uploads\/2014\/04\/plakat-173x200.jpeg 173w\" sizes=\"(max-width: 361px) 100vw, 361px\" \/><\/p>\n<p>Naszym celem jest zmaksymalizowanie poziomu legalnego demonta\u017cu pojazd\u00f3w w Polsce i, co za tym idzie, ograniczenie do minimum wp\u0142ywu tzw. \u201eszarej strefy\u201d w bran\u017cy recyklingu pojazd\u00f3w.<\/p>\n<p>Nasze za\u0142o\u017cenia realizujemy poprzez dzia\u0142alno\u015b\u0107 opiniodawcz\u0105 w zakresie proponowanych przepis\u00f3w prawa oraz dzia\u0142ania edukacyjne, skierowane w stron\u0119 u\u017cytkownik\u00f3w pojazd\u00f3w, a tak\u017ce w\u0142a\u015bcicieli skup\u00f3w z\u0142omu oraz stacji demonta\u017cu pojazd\u00f3w.<\/p>\n<p>Cz\u0142onkami Stowarzyszenia s\u0105 przedsi\u0119biorcy oraz osoby fizyczne, dla kt\u00f3rych wa\u017cny jest rozw\u00f3j recyklingu pojazd\u00f3w wycofanych z eksploatacji, zgodny z zasadami zr\u00f3wnowa\u017conego rozwoju oraz regulacjami prawnymi.<\/p>\n\n\n<h3 class=\"wp-block-heading\"><strong>DO\u0141\u0104CZ DO STOWARZYSZENIA<\/strong><\/h3>\n\n\n\n<p>Aby zosta\u0107 cz\u0142onkiem Stowarzyszenia wystarczy wype\u0142ni\u0107 i odes\u0142a\u0107 na adres biuro@ekoauto.org oraz na adres korespondencyjny Polskie Stowarzyszenie Stacji Demonta\u017cu Pojazd\u00f3w EKO-AUTO ul. \u015awi\u0119towidzka 6\/3 61-058 Pozna\u0144 wype\u0142nion\u0105 i podpisan\u0105 deklaracj\u0119 cz\u0142onkowsk\u0105.<\/p>\n\n\n\n<p><strong><a rel=\"noreferrer noopener\" aria-label=\"DRUK DO POBRANIA (otwiera si\u0119 na nowej zak\u0142adce)\" href=\"http:\/\/ekoauto.org\/wp-content\/uploads\/2018\/08\/deklaracja-czlonkowska-stowarzyszenie-eko-auto.pdf\" target=\"_blank\">DRUK DO POBRANIA<\/a><\/strong><\/p>\n\n\n\n<p>O przyj\u0119ciu w poczet cz\u0142onk\u00f3w poinformujemy Pa\u0144stwa odr\u0119bn\u0105 korespondencj\u0105 mailow\u0105.<\/p>\n","protected":false},"excerpt":{"rendered":"<p>Stowarzyszenie powsta\u0142o w celu promowania idei recyklingu pojazd\u00f3w wycofanych z eksploatacji. Dzia\u0142a na poziomie krajowym, broni\u0105c interes\u00f3w Stacji Demonta\u017cu podczas spotka\u0144 z przedstawicielami w\u0142adzy pa\u0144stwowej (Ministerstwo \u015arodowiska, Sejm, Senat) oraz na poziomie lokalnym \u2013 np. poprzez interwencje w wydzia\u0142ach komunikacji oraz urz\u0119dach marsza\u0142kowskich. Reprezentuj\u0105c Stacje Demonta\u017cu uzyskujemy informacje o oficjalnej wyk\u0142adni przepis\u00f3w. Naszym celem jest &#8230; <a title=\"O Stowarzyszeniu\" class=\"read-more\" href=\"http:\/\/ekoauto.org\/?page_id=84\" aria-label=\"Read more about O Stowarzyszeniu\">Dowiedz si\u0119 wi\u0119cej<\/a><\/p>\n","protected":false},"author":1,"featured_media":0,"parent":0,"menu_order":0,"comment_status":"closed","ping_status":"closed","template":"","meta":{"_monsterinsights_skip_tracking":false,"_monsterinsights_sitenote_active":false,"_monsterinsights_sitenote_note":"","_monsterinsights_sitenote_category":0,"footnotes":""},"class_list":["post-84","page","type-page","status-publish"],"_links":{"self":[{"href":"http:\/\/ekoauto.org\/index.php?rest_route=\/wp\/v2\/pages\/84","targetHints":{"allow":["GET"]}}],"collection":[{"href":"http:\/\/ekoauto.org\/index.php?rest_route=\/wp\/v2\/pages"}],"about":[{"href":"http:\/\/ekoauto.org\/index.php?rest_route=\/wp\/v2\/types\/page"}],"author":[{"embeddable":true,"href":"http:\/\/ekoauto.org\/index.php?rest_route=\/wp\/v2\/users\/1"}],"replies":[{"embeddable":true,"href":"http:\/\/ekoauto.org\/index.php?rest_route=%2Fwp%2Fv2%2Fcomments&post=84"}],"version-history":[{"count":15,"href":"http:\/\/ekoauto.org\/index.php?rest_route=\/wp\/v2\/pages\/84\/revisions"}],"predecessor-version":[{"id":3554,"href":"http:\/\/ekoauto.org\/index.php?rest_route=\/wp\/v2\/pages\/84\/revisions\/3554"}],"wp:attachment":[{"href":"http:\/\/ekoauto.org\/index.php?rest_route=%2Fwp%2Fv2%2Fmedia&parent=84"}],"curies":[{"name":"wp","href":"https:\/\/api.w.org\/{rel}","templated":true}]}}