{"id":166,"date":"2014-04-23T10:21:44","date_gmt":"2014-04-23T08:21:44","guid":{"rendered":"http:\/\/ekoauto.org\/?page_id=166"},"modified":"2020-03-10T14:18:00","modified_gmt":"2020-03-10T13:18:00","slug":"stacja-demontazu-pojazdow-1","status":"publish","type":"page","link":"http:\/\/ekoauto.org\/?page_id=166","title":{"rendered":"Stacja demonta\u017cu pojazd\u00f3w"},"content":{"rendered":"<p><b>Krok po kroku <\/b><strong>\u2192 jak otworzy\u0107 stacj\u0119 demonta\u017cu pojazd\u00f3w?<\/strong><\/p>\n<p>&nbsp;<\/p>\n","protected":false},"excerpt":{"rendered":"<p>Krok po kroku \u2192 jak otworzy\u0107 stacj\u0119 demonta\u017cu pojazd\u00f3w? &nbsp;<\/p>\n","protected":false},"author":1,"featured_media":0,"parent":0,"menu_order":0,"comment_status":"closed","ping_status":"open","template":"","meta":{"_monsterinsights_skip_tracking":false,"_monsterinsights_sitenote_active":false,"_monsterinsights_sitenote_note":"","_monsterinsights_sitenote_category":0,"footnotes":""},"class_list":["post-166","page","type-page","status-publish"],"_links":{"self":[{"href":"http:\/\/ekoauto.org\/index.php?rest_route=\/wp\/v2\/pages\/166","targetHints":{"allow":["GET"]}}],"collection":[{"href":"http:\/\/ekoauto.org\/index.php?rest_route=\/wp\/v2\/pages"}],"about":[{"href":"http:\/\/ekoauto.org\/index.php?rest_route=\/wp\/v2\/types\/page"}],"author":[{"embeddable":true,"href":"http:\/\/ekoauto.org\/index.php?rest_route=\/wp\/v2\/users\/1"}],"replies":[{"embeddable":true,"href":"http:\/\/ekoauto.org\/index.php?rest_route=%2Fwp%2Fv2%2Fcomments&post=166"}],"version-history":[{"count":4,"href":"http:\/\/ekoauto.org\/index.php?rest_route=\/wp\/v2\/pages\/166\/revisions"}],"predecessor-version":[{"id":297,"href":"http:\/\/ekoauto.org\/index.php?rest_route=\/wp\/v2\/pages\/166\/revisions\/297"}],"wp:attachment":[{"href":"http:\/\/ekoauto.org\/index.php?rest_route=%2Fwp%2Fv2%2Fmedia&parent=166"}],"curies":[{"name":"wp","href":"https:\/\/api.w.org\/{rel}","templated":true}]}}